{"id":25,"date":"2019-01-15T07:21:28","date_gmt":"2019-01-15T06:21:28","guid":{"rendered":"https:\/\/www.ufp.cat\/?page_id=25"},"modified":"2019-03-21T16:27:15","modified_gmt":"2019-03-21T15:27:15","slug":"servicios","status":"publish","type":"page","link":"https:\/\/www.ufp.cat\/es\/servicios\/","title":{"rendered":"Servicios"},"content":{"rendered":"\t\t<div data-elementor-type=\"wp-post\" data-elementor-id=\"25\" class=\"elementor elementor-25 elementor-bc-flex-widget\" data-elementor-post-type=\"page\">\n\t\t\t\t\t\t<section class=\"elementor-section elementor-top-section elementor-element elementor-element-3f76067 elementor-section-height-min-height elementor-section-items-stretch elementor-section-boxed elementor-section-height-default\" data-id=\"3f76067\" data-element_type=\"section\">\n\t\t\t\t\t\t<div class=\"elementor-container elementor-column-gap-default\">\n\t\t\t\t\t<div class=\"elementor-column elementor-col-100 elementor-top-column elementor-element elementor-element-344695b\" data-id=\"344695b\" data-element_type=\"column\" data-settings=\"{&quot;background_background&quot;:&quot;classic&quot;}\">\n\t\t\t<div class=\"elementor-widget-wrap elementor-element-populated\">\n\t\t\t\t\t<div class=\"elementor-background-overlay\"><\/div>\n\t\t\t\t\t\t<div class=\"elementor-element elementor-element-a31aee3 elementor-widget elementor-widget-spacer\" data-id=\"a31aee3\" data-element_type=\"widget\" data-widget_type=\"spacer.default\">\n\t\t\t\t<div class=\"elementor-widget-container\">\n\t\t\t\t\t\t\t<div class=\"elementor-spacer\">\n\t\t\t<div class=\"elementor-spacer-inner\"><\/div>\n\t\t<\/div>\n\t\t\t\t\t\t<\/div>\n\t\t\t\t<\/div>\n\t\t\t\t\t<\/div>\n\t\t<\/div>\n\t\t\t\t\t<\/div>\n\t\t<\/section>\n\t\t\t\t<section class=\"elementor-section elementor-top-section elementor-element elementor-element-f3d9b6d elementor-hidden-desktop elementor-section-boxed elementor-section-height-default elementor-section-height-default\" data-id=\"f3d9b6d\" data-element_type=\"section\">\n\t\t\t\t\t\t<div class=\"elementor-container elementor-column-gap-default\">\n\t\t\t\t\t<div class=\"elementor-column elementor-col-100 elementor-top-column elementor-element elementor-element-f7a776b\" data-id=\"f7a776b\" data-element_type=\"column\">\n\t\t\t<div class=\"elementor-widget-wrap elementor-element-populated\">\n\t\t\t\t\t\t<div class=\"elementor-element elementor-element-1363b59 elementor-hidden-desktop mida30 elementor-widget elementor-widget-heading\" data-id=\"1363b59\" data-element_type=\"widget\" data-widget_type=\"heading.default\">\n\t\t\t\t<div class=\"elementor-widget-container\">\n\t\t\t\t\t<h1 class=\"elementor-heading-title elementor-size-default\">Servicios<\/h1>\t\t\t\t<\/div>\n\t\t\t\t<\/div>\n\t\t\t\t<div class=\"elementor-element elementor-element-3efc587 elementor-hidden-desktop elementor-widget-divider--view-line elementor-widget elementor-widget-divider\" data-id=\"3efc587\" data-element_type=\"widget\" data-widget_type=\"divider.default\">\n\t\t\t\t<div class=\"elementor-widget-container\">\n\t\t\t\t\t\t\t<div class=\"elementor-divider\">\n\t\t\t<span class=\"elementor-divider-separator\">\n\t\t\t\t\t\t<\/span>\n\t\t<\/div>\n\t\t\t\t\t\t<\/div>\n\t\t\t\t<\/div>\n\t\t\t\t\t<\/div>\n\t\t<\/div>\n\t\t\t\t\t<\/div>\n\t\t<\/section>\n\t\t\t\t<section class=\"elementor-section elementor-top-section elementor-element elementor-element-c963770 elementor-section-boxed elementor-section-height-default elementor-section-height-default\" data-id=\"c963770\" data-element_type=\"section\">\n\t\t\t\t\t\t<div class=\"elementor-container elementor-column-gap-default\">\n\t\t\t\t\t<div class=\"elementor-column elementor-col-33 elementor-top-column elementor-element elementor-element-8af405f\" data-id=\"8af405f\" data-element_type=\"column\">\n\t\t\t<div class=\"elementor-widget-wrap elementor-element-populated\">\n\t\t\t\t\t\t<div class=\"elementor-element elementor-element-9b2fd74 Robotolight textnegretanormal mida20 elementor-widget elementor-widget-text-editor\" data-id=\"9b2fd74\" data-element_type=\"widget\" data-widget_type=\"text-editor.default\">\n\t\t\t\t<div class=\"elementor-widget-container\">\n\t\t\t\t\t\t\t\t\t<h2> PARTICIPACI\u00d3N <\/h2>\n<p>Identificaci\u00f3n de convocatorias, articulaci\u00f3n de consorcios y redacci\u00f3n de propuestas. UFP dispone del conocimiento necesario para identificar oportunidades de financiaci\u00f3n a trav\u00e9s de fondos europeos competitivos y estructurales. Tanto en fondos competitivos (Horizon 2020, PRIMA-MED) como estructurales (FEDER, FEADER).<\/p>\n\t\t\t\t\t\t\t\t<\/div>\n\t\t\t\t<\/div>\n\t\t\t\t\t<\/div>\n\t\t<\/div>\n\t\t\t\t<div class=\"elementor-column elementor-col-33 elementor-top-column elementor-element elementor-element-71ce568\" data-id=\"71ce568\" data-element_type=\"column\">\n\t\t\t<div class=\"elementor-widget-wrap elementor-element-populated\">\n\t\t\t\t\t\t<div class=\"elementor-element elementor-element-6bbfade Robotolight textnegretanormal mida20 elementor-widget elementor-widget-text-editor\" data-id=\"6bbfade\" data-element_type=\"widget\" data-widget_type=\"text-editor.default\">\n\t\t\t\t<div class=\"elementor-widget-container\">\n\t\t\t\t\t\t\t\t\t<h2> ESTRATEGIA <\/h2>\n<p>Elaboraci\u00f3n de estrategias locales y\/o sectoriales a partir de la identificaci\u00f3n de retos y oportunidades derivadas del marco de crecimiento europeo y con la participaci\u00f3n de los agentes de la cu\u00e1druple h\u00e9lice.<\/p>\n\t\t\t\t\t\t\t\t<\/div>\n\t\t\t\t<\/div>\n\t\t\t\t\t<\/div>\n\t\t<\/div>\n\t\t\t\t<div class=\"elementor-column elementor-col-33 elementor-top-column elementor-element elementor-element-3cf1d18\" data-id=\"3cf1d18\" data-element_type=\"column\">\n\t\t\t<div class=\"elementor-widget-wrap elementor-element-populated\">\n\t\t\t\t\t\t<div class=\"elementor-element elementor-element-f9e8ed8 Robotolight textnegretanormal mida20 elementor-widget elementor-widget-text-editor\" data-id=\"f9e8ed8\" data-element_type=\"widget\" data-widget_type=\"text-editor.default\">\n\t\t\t\t<div class=\"elementor-widget-container\">\n\t\t\t\t\t\t\t\t\t<h2> CONOCIMIENTO <\/h2>\n<p>Informaci\u00f3n a medida, sobre todo del marco pol\u00edtico y normativo europeo que sustenta los objetivos europeos de crecimiento para el periodo 2014-2020 y los instrumentos financieros a disposici\u00f3n de los diferentes actores.<\/p>\n\t\t\t\t\t\t\t\t<\/div>\n\t\t\t\t<\/div>\n\t\t\t\t\t<\/div>\n\t\t<\/div>\n\t\t\t\t\t<\/div>\n\t\t<\/section>\n\t\t\t\t<section class=\"elementor-section elementor-top-section elementor-element elementor-element-b6d082d elementor-section-boxed elementor-section-height-default elementor-section-height-default\" data-id=\"b6d082d\" data-element_type=\"section\">\n\t\t\t\t\t\t<div class=\"elementor-container elementor-column-gap-default\">\n\t\t\t\t\t<div class=\"elementor-column elementor-col-33 elementor-top-column elementor-element elementor-element-af22b12\" data-id=\"af22b12\" data-element_type=\"column\">\n\t\t\t<div class=\"elementor-widget-wrap\">\n\t\t\t\t\t\t\t<\/div>\n\t\t<\/div>\n\t\t\t\t<div class=\"elementor-column elementor-col-33 elementor-top-column elementor-element elementor-element-6b99f22\" data-id=\"6b99f22\" data-element_type=\"column\">\n\t\t\t<div class=\"elementor-widget-wrap elementor-element-populated\">\n\t\t\t\t\t\t<div class=\"elementor-element elementor-element-1203200 Robotolight textnegretanormal mida20 elementor-widget elementor-widget-text-editor\" data-id=\"1203200\" data-element_type=\"widget\" data-widget_type=\"text-editor.default\">\n\t\t\t\t<div class=\"elementor-widget-container\">\n\t\t\t\t\t\t\t\t\t<h2>GESTI\u00d3N<\/h2>\n<p>Gesti\u00f3n t\u00e9cnica y econ\u00f3mica vinculada a la ejecuci\u00f3n de proyectos colaborativos europeos.\u2028<\/p>\n\t\t\t\t\t\t\t\t<\/div>\n\t\t\t\t<\/div>\n\t\t\t\t\t<\/div>\n\t\t<\/div>\n\t\t\t\t<div class=\"elementor-column elementor-col-33 elementor-top-column elementor-element elementor-element-c98c6d0\" data-id=\"c98c6d0\" data-element_type=\"column\">\n\t\t\t<div class=\"elementor-widget-wrap elementor-element-populated\">\n\t\t\t\t\t\t<div class=\"elementor-element elementor-element-f9f440d Robotolight textnegretanormal mida20 elementor-widget elementor-widget-text-editor\" data-id=\"f9f440d\" data-element_type=\"widget\" data-widget_type=\"text-editor.default\">\n\t\t\t\t<div class=\"elementor-widget-container\">\n\t\t\t\t\t\t\t\t\t<h2>VERIFICACI\u00d3N<\/h2>\n<p>Seguimiento para la cuantificaci\u00f3n, calificaci\u00f3n y justificaci\u00f3n de los objetivos e indicadores.<\/p>\n\t\t\t\t\t\t\t\t<\/div>\n\t\t\t\t<\/div>\n\t\t\t\t\t<\/div>\n\t\t<\/div>\n\t\t\t\t\t<\/div>\n\t\t<\/section>\n\t\t\t\t<\/div>\n\t\t","protected":false},"excerpt":{"rendered":"<p>Feu clic al bot\u00f3 d&#8217;edici\u00f3 per canviar aquest text. Lorem ipsum dolor sit amet, consectetur adipiscing elit. Ut elit tellus, luctus nec ullamcorper mattis, pulvinar dapibus leo. Feu clic al bot\u00f3 d&#8217;edici\u00f3 per canviar aquest text. Lorem ipsum dolor sit amet, consectetur adipiscing elit. Ut elit tellus, luctus nec ullamcorper mattis, pulvinar dapibus leo. Feu &#8230; <a title=\"Servicios\" class=\"read-more\" href=\"https:\/\/www.ufp.cat\/es\/servicios\/\" aria-label=\"Leer m\u00e1s sobre Servicios\">Leer m\u00e1s<\/a><\/p>\n","protected":false},"author":1,"featured_media":132,"parent":0,"menu_order":0,"comment_status":"closed","ping_status":"closed","template":"","meta":{"_acf_changed":false,"footnotes":""},"class_list":["post-25","page","type-page","status-publish","has-post-thumbnail"],"acf":[],"yoast_head":"<!-- This site is optimized with the Yoast SEO plugin v27.3 - https:\/\/yoast.com\/product\/yoast-seo-wordpress\/ -->\n<title>Servicios - UFP - User Feedback Program<\/title>\n<meta name=\"robots\" content=\"index, follow, max-snippet:-1, max-image-preview:large, max-video-preview:-1\" \/>\n<link rel=\"canonical\" href=\"https:\/\/www.ufp.cat\/es\/servicios\/\" \/>\n<meta property=\"og:locale\" content=\"es_ES\" \/>\n<meta property=\"og:type\" content=\"article\" \/>\n<meta property=\"og:title\" content=\"Servicios - UFP - User Feedback Program\" \/>\n<meta property=\"og:description\" content=\"Feu clic al bot\u00f3 d&#8217;edici\u00f3 per canviar aquest text. Lorem ipsum dolor sit amet, consectetur adipiscing elit. Ut elit tellus, luctus nec ullamcorper mattis, pulvinar dapibus leo. Feu clic al bot\u00f3 d&#8217;edici\u00f3 per canviar aquest text. Lorem ipsum dolor sit amet, consectetur adipiscing elit. Ut elit tellus, luctus nec ullamcorper mattis, pulvinar dapibus leo. Feu ... Leer m\u00e1s\" \/>\n<meta property=\"og:url\" content=\"https:\/\/www.ufp.cat\/es\/servicios\/\" \/>\n<meta property=\"og:site_name\" content=\"UFP\" \/>\n<meta property=\"article:modified_time\" content=\"2019-03-21T15:27:15+00:00\" \/>\n<meta property=\"og:image\" content=\"https:\/\/www.ufp.cat\/es\/wp-content\/uploads\/sites\/2\/W-UFP_Serveis.jpg\" \/>\n\t<meta property=\"og:image:width\" content=\"2400\" \/>\n\t<meta property=\"og:image:height\" content=\"1600\" \/>\n\t<meta property=\"og:image:type\" content=\"image\/jpeg\" \/>\n<meta name=\"twitter:card\" content=\"summary_large_image\" \/>\n<meta name=\"twitter:label1\" content=\"Tiempo de lectura\" \/>\n\t<meta name=\"twitter:data1\" content=\"1 minuto\" \/>\n<script type=\"application\/ld+json\" class=\"yoast-schema-graph\">{\"@context\":\"https:\\\/\\\/schema.org\",\"@graph\":[{\"@type\":\"WebPage\",\"@id\":\"https:\\\/\\\/www.ufp.cat\\\/es\\\/servicios\\\/\",\"url\":\"https:\\\/\\\/www.ufp.cat\\\/es\\\/servicios\\\/\",\"name\":\"Servicios - UFP - User Feedback Program\",\"isPartOf\":{\"@id\":\"https:\\\/\\\/www.ufp.cat\\\/es\\\/#website\"},\"primaryImageOfPage\":{\"@id\":\"https:\\\/\\\/www.ufp.cat\\\/es\\\/servicios\\\/#primaryimage\"},\"image\":{\"@id\":\"https:\\\/\\\/www.ufp.cat\\\/es\\\/servicios\\\/#primaryimage\"},\"thumbnailUrl\":\"https:\\\/\\\/www.ufp.cat\\\/es\\\/wp-content\\\/uploads\\\/sites\\\/2\\\/W-UFP_Serveis.jpg\",\"datePublished\":\"2019-01-15T06:21:28+00:00\",\"dateModified\":\"2019-03-21T15:27:15+00:00\",\"breadcrumb\":{\"@id\":\"https:\\\/\\\/www.ufp.cat\\\/es\\\/servicios\\\/#breadcrumb\"},\"inLanguage\":\"es\",\"potentialAction\":[{\"@type\":\"ReadAction\",\"target\":[\"https:\\\/\\\/www.ufp.cat\\\/es\\\/servicios\\\/\"]}]},{\"@type\":\"ImageObject\",\"inLanguage\":\"es\",\"@id\":\"https:\\\/\\\/www.ufp.cat\\\/es\\\/servicios\\\/#primaryimage\",\"url\":\"https:\\\/\\\/www.ufp.cat\\\/es\\\/wp-content\\\/uploads\\\/sites\\\/2\\\/W-UFP_Serveis.jpg\",\"contentUrl\":\"https:\\\/\\\/www.ufp.cat\\\/es\\\/wp-content\\\/uploads\\\/sites\\\/2\\\/W-UFP_Serveis.jpg\",\"width\":2400,\"height\":1600,\"caption\":\"UFP_Serveis\"},{\"@type\":\"BreadcrumbList\",\"@id\":\"https:\\\/\\\/www.ufp.cat\\\/es\\\/servicios\\\/#breadcrumb\",\"itemListElement\":[{\"@type\":\"ListItem\",\"position\":1,\"name\":\"Portada\",\"item\":\"https:\\\/\\\/www.ufp.cat\\\/es\\\/\"},{\"@type\":\"ListItem\",\"position\":2,\"name\":\"Servicios\"}]},{\"@type\":\"WebSite\",\"@id\":\"https:\\\/\\\/www.ufp.cat\\\/es\\\/#website\",\"url\":\"https:\\\/\\\/www.ufp.cat\\\/es\\\/\",\"name\":\"UFP\",\"description\":\"User Feedback Program\",\"potentialAction\":[{\"@type\":\"SearchAction\",\"target\":{\"@type\":\"EntryPoint\",\"urlTemplate\":\"https:\\\/\\\/www.ufp.cat\\\/es\\\/?s={search_term_string}\"},\"query-input\":{\"@type\":\"PropertyValueSpecification\",\"valueRequired\":true,\"valueName\":\"search_term_string\"}}],\"inLanguage\":\"es\"}]}<\/script>\n<!-- \/ Yoast SEO plugin. -->","yoast_head_json":{"title":"Servicios - UFP - User Feedback Program","robots":{"index":"index","follow":"follow","max-snippet":"max-snippet:-1","max-image-preview":"max-image-preview:large","max-video-preview":"max-video-preview:-1"},"canonical":"https:\/\/www.ufp.cat\/es\/servicios\/","og_locale":"es_ES","og_type":"article","og_title":"Servicios - UFP - User Feedback Program","og_description":"Feu clic al bot\u00f3 d&#8217;edici\u00f3 per canviar aquest text. Lorem ipsum dolor sit amet, consectetur adipiscing elit. Ut elit tellus, luctus nec ullamcorper mattis, pulvinar dapibus leo. Feu clic al bot\u00f3 d&#8217;edici\u00f3 per canviar aquest text. Lorem ipsum dolor sit amet, consectetur adipiscing elit. Ut elit tellus, luctus nec ullamcorper mattis, pulvinar dapibus leo. Feu ... Leer m\u00e1s","og_url":"https:\/\/www.ufp.cat\/es\/servicios\/","og_site_name":"UFP","article_modified_time":"2019-03-21T15:27:15+00:00","og_image":[{"width":2400,"height":1600,"url":"https:\/\/www.ufp.cat\/es\/wp-content\/uploads\/sites\/2\/W-UFP_Serveis.jpg","type":"image\/jpeg"}],"twitter_card":"summary_large_image","twitter_misc":{"Tiempo de lectura":"1 minuto"},"schema":{"@context":"https:\/\/schema.org","@graph":[{"@type":"WebPage","@id":"https:\/\/www.ufp.cat\/es\/servicios\/","url":"https:\/\/www.ufp.cat\/es\/servicios\/","name":"Servicios - UFP - User Feedback Program","isPartOf":{"@id":"https:\/\/www.ufp.cat\/es\/#website"},"primaryImageOfPage":{"@id":"https:\/\/www.ufp.cat\/es\/servicios\/#primaryimage"},"image":{"@id":"https:\/\/www.ufp.cat\/es\/servicios\/#primaryimage"},"thumbnailUrl":"https:\/\/www.ufp.cat\/es\/wp-content\/uploads\/sites\/2\/W-UFP_Serveis.jpg","datePublished":"2019-01-15T06:21:28+00:00","dateModified":"2019-03-21T15:27:15+00:00","breadcrumb":{"@id":"https:\/\/www.ufp.cat\/es\/servicios\/#breadcrumb"},"inLanguage":"es","potentialAction":[{"@type":"ReadAction","target":["https:\/\/www.ufp.cat\/es\/servicios\/"]}]},{"@type":"ImageObject","inLanguage":"es","@id":"https:\/\/www.ufp.cat\/es\/servicios\/#primaryimage","url":"https:\/\/www.ufp.cat\/es\/wp-content\/uploads\/sites\/2\/W-UFP_Serveis.jpg","contentUrl":"https:\/\/www.ufp.cat\/es\/wp-content\/uploads\/sites\/2\/W-UFP_Serveis.jpg","width":2400,"height":1600,"caption":"UFP_Serveis"},{"@type":"BreadcrumbList","@id":"https:\/\/www.ufp.cat\/es\/servicios\/#breadcrumb","itemListElement":[{"@type":"ListItem","position":1,"name":"Portada","item":"https:\/\/www.ufp.cat\/es\/"},{"@type":"ListItem","position":2,"name":"Servicios"}]},{"@type":"WebSite","@id":"https:\/\/www.ufp.cat\/es\/#website","url":"https:\/\/www.ufp.cat\/es\/","name":"UFP","description":"User Feedback Program","potentialAction":[{"@type":"SearchAction","target":{"@type":"EntryPoint","urlTemplate":"https:\/\/www.ufp.cat\/es\/?s={search_term_string}"},"query-input":{"@type":"PropertyValueSpecification","valueRequired":true,"valueName":"search_term_string"}}],"inLanguage":"es"}]}},"_links":{"self":[{"href":"https:\/\/www.ufp.cat\/es\/wp-json\/wp\/v2\/pages\/25","targetHints":{"allow":["GET"]}}],"collection":[{"href":"https:\/\/www.ufp.cat\/es\/wp-json\/wp\/v2\/pages"}],"about":[{"href":"https:\/\/www.ufp.cat\/es\/wp-json\/wp\/v2\/types\/page"}],"author":[{"embeddable":true,"href":"https:\/\/www.ufp.cat\/es\/wp-json\/wp\/v2\/users\/1"}],"replies":[{"embeddable":true,"href":"https:\/\/www.ufp.cat\/es\/wp-json\/wp\/v2\/comments?post=25"}],"version-history":[{"count":23,"href":"https:\/\/www.ufp.cat\/es\/wp-json\/wp\/v2\/pages\/25\/revisions"}],"predecessor-version":[{"id":426,"href":"https:\/\/www.ufp.cat\/es\/wp-json\/wp\/v2\/pages\/25\/revisions\/426"}],"wp:featuredmedia":[{"embeddable":true,"href":"https:\/\/www.ufp.cat\/es\/wp-json\/wp\/v2\/media\/132"}],"wp:attachment":[{"href":"https:\/\/www.ufp.cat\/es\/wp-json\/wp\/v2\/media?parent=25"}],"curies":[{"name":"wp","href":"https:\/\/api.w.org\/{rel}","templated":true}]}}